{"id":10221,"date":"2024-03-14T14:29:07","date_gmt":"2024-03-14T14:29:07","guid":{"rendered":"https:\/\/dental.hamorz.ir\/?page_id=10221"},"modified":"2024-07-25T19:59:54","modified_gmt":"2024-07-25T19:59:54","slug":"about-us","status":"publish","type":"page","link":"https:\/\/batiortodonti.com\/en\/about-us\/","title":{"rendered":"About Us"},"content":{"rendered":"\t\t<div data-elementor-type=\"wp-page\" data-elementor-id=\"10221\" class=\"elementor elementor-10221\">\n\t\t\t\t\t\t<section class=\"elementor-section elementor-top-section elementor-element elementor-element-7e47a1d elementor-section-stretched elementor-section-boxed elementor-section-height-default elementor-section-height-default cmsmasters-block-default\" data-id=\"7e47a1d\" data-element_type=\"section\" data-settings=\"{&quot;stretch_section&quot;:&quot;section-stretched&quot;}\">\n\t\t\t\t\t\t<div class=\"elementor-container elementor-column-gap-wide\">\n\t\t\t\t\t<div class=\"elementor-column elementor-col-100 elementor-top-column elementor-element elementor-element-9f88d3b\" data-id=\"9f88d3b\" data-element_type=\"column\">\n\t\t\t<div class=\"elementor-widget-wrap elementor-element-populated\">\n\t\t\t\t\t\t<section class=\"elementor-section elementor-inner-section elementor-element elementor-element-58f7c77 elementor-reverse-tablet elementor-reverse-mobile elementor-section-boxed elementor-section-height-default elementor-section-height-default cmsmasters-block-default\" data-id=\"58f7c77\" data-element_type=\"section\" data-settings=\"{&quot;background_background&quot;:&quot;gradient&quot;}\">\n\t\t\t\t\t\t<div class=\"elementor-container elementor-column-gap-no\">\n\t\t\t\t\t<div class=\"elementor-column elementor-col-50 elementor-inner-column elementor-element elementor-element-d5f90e2\" data-id=\"d5f90e2\" data-element_type=\"column\">\n\t\t\t<div class=\"elementor-widget-wrap elementor-element-populated\">\n\t\t\t\t\t\t<div class=\"elementor-element elementor-element-7b13ebe cmsmasters-block-default cmsmasters-sticky-default elementor-invisible elementor-widget elementor-widget-button\" data-id=\"7b13ebe\" data-element_type=\"widget\" data-settings=\"{&quot;_animation&quot;:&quot;fadeInLeft&quot;}\" data-widget_type=\"button.default\">\n\t\t\t\t<div class=\"elementor-widget-container\">\n\t\t\t\t\t\t\t\t\t<div class=\"elementor-button-wrapper\">\n\t\t\t\t\t<a class=\"elementor-button elementor-size-sm\" role=\"button\">\n\t\t\t\t\t\t<span class=\"elementor-button-content-wrapper\">\n\t\t\t\t\t\t\t\t\t<span class=\"elementor-button-text\">About Us<\/span>\n\t\t\t\t\t<\/span>\n\t\t\t\t\t<\/a>\n\t\t\t\t<\/div>\n\t\t\t\t\t\t\t\t<\/div>\n\t\t\t\t<\/div>\n\t\t\t\t<div class=\"elementor-element elementor-element-b67a7a3 cmsmasters-block-default cmsmasters-sticky-default elementor-invisible elementor-widget elementor-widget-heading\" data-id=\"b67a7a3\" data-element_type=\"widget\" data-settings=\"{&quot;_animation&quot;:&quot;fadeInLeft&quot;}\" data-widget_type=\"heading.default\">\n\t\t\t\t<div class=\"elementor-widget-container\">\n\t\t\t\t\t<h1 class=\"elementor-heading-title elementor-size-default\">Our Doctor Staff: Consists of Specialist Dentists and Dentists.<\/h1>\t\t\t\t<\/div>\n\t\t\t\t<\/div>\n\t\t\t\t<div class=\"elementor-element elementor-element-0ef2458 cmsmasters-block-default cmsmasters-sticky-default elementor-widget elementor-widget-spacer\" data-id=\"0ef2458\" data-element_type=\"widget\" data-widget_type=\"spacer.default\">\n\t\t\t\t<div class=\"elementor-widget-container\">\n\t\t\t\t\t\t\t<div class=\"elementor-spacer\">\n\t\t\t<div class=\"elementor-spacer-inner\"><\/div>\n\t\t<\/div>\n\t\t\t\t\t\t<\/div>\n\t\t\t\t<\/div>\n\t\t\t\t<div class=\"elementor-element elementor-element-0324ed7 cmsmasters-block-default cmsmasters-sticky-default elementor-invisible elementor-widget elementor-widget-text-editor\" data-id=\"0324ed7\" data-element_type=\"widget\" data-settings=\"{&quot;_animation&quot;:&quot;fadeInLeft&quot;}\" data-widget_type=\"text-editor.default\">\n\t\t\t\t<div class=\"elementor-widget-container\">\n\t\t\t\t\t\t\t\t\t<p>Founded in 2012 with the guidance of scientific data, Bat\u0131 Ortodonti Estetik, with its staff who have completed their education in modern dentistry faculties in Turkey, provides the necessary services to the patients from since this date.<\/p>\t\t\t\t\t\t\t\t<\/div>\n\t\t\t\t<\/div>\n\t\t\t\t\t<\/div>\n\t\t<\/div>\n\t\t\t\t<div class=\"elementor-column elementor-col-50 elementor-inner-column elementor-element elementor-element-8b97090 elementor-invisible\" data-id=\"8b97090\" data-element_type=\"column\" data-settings=\"{&quot;animation&quot;:&quot;fadeInRight&quot;}\">\n\t\t\t<div class=\"elementor-widget-wrap elementor-element-populated\">\n\t\t\t\t\t\t<div class=\"elementor-element elementor-element-a84917f cmsmasters-media-carousel__image-fit-cover cmsmasters-block-default cmsmasters-sticky-default elementor-widget elementor-widget-cmsmasters-media-carousel\" data-id=\"a84917f\" data-element_type=\"widget\" data-settings=\"{&quot;slider_type&quot;:&quot;coverflow&quot;,&quot;slider_direction&quot;:&quot;vertical&quot;,&quot;ytb_fs&quot;:&quot;yes&quot;,&quot;facebook_fs&quot;:&quot;yes&quot;,&quot;twitch_fs&quot;:&quot;yes&quot;,&quot;hosted_fs&quot;:&quot;yes&quot;,&quot;aspect_ratio&quot;:&quot;169&quot;,&quot;slider_autoplay&quot;:&quot;yes&quot;,&quot;slider_autoplay_speed&quot;:5000,&quot;slider_speed&quot;:500,&quot;slider_pause_on_hover&quot;:&quot;yes&quot;,&quot;slider_infinite&quot;:&quot;yes&quot;,&quot;slider_arrows&quot;:&quot;yes&quot;,&quot;slider_arrows_visibility&quot;:&quot;always&quot;,&quot;slider_space_between&quot;:{&quot;unit&quot;:&quot;px&quot;,&quot;size&quot;:&quot;&quot;,&quot;sizes&quot;:[]},&quot;slider_space_between_tablet&quot;:{&quot;unit&quot;:&quot;px&quot;,&quot;size&quot;:&quot;&quot;,&quot;sizes&quot;:[]},&quot;slider_space_between_mobile&quot;:{&quot;unit&quot;:&quot;px&quot;,&quot;size&quot;:&quot;&quot;,&quot;sizes&quot;:[]},&quot;slider_width&quot;:{&quot;unit&quot;:&quot;%&quot;,&quot;size&quot;:&quot;&quot;,&quot;sizes&quot;:[]},&quot;slider_width_tablet&quot;:{&quot;unit&quot;:&quot;px&quot;,&quot;size&quot;:&quot;&quot;,&quot;sizes&quot;:[]},&quot;slider_width_mobile&quot;:{&quot;unit&quot;:&quot;px&quot;,&quot;size&quot;:&quot;&quot;,&quot;sizes&quot;:[]},&quot;slider_scrollbar_circle&quot;:&quot;circle&quot;}\" data-widget_type=\"cmsmasters-media-carousel.default\">\n\t\t\t\t<div class=\"elementor-widget-container\">\n\t\t\t\t\t<div id=\"cmsmasters-slider-a84917f\" class=\"cmsmasters-slider\"><div class=\"swiper swiper-container cmsmasters-swiper-container\"><div class=\"swiper-wrapper\"><div class=\"swiper-slide\"><figure class=\"elementor-widget-cmsmasters-media-carousel__wrapper elementor-repeater-item-f59a45f\">\n\t\t\t\t<a class=\"elementor-widget-cmsmasters-media-carousel__outer\" href=\"https:\/\/batiortodonti.com\/wp-content\/uploads\/2024\/06\/Bati-Ortodonty-2.jpeg\" data-elementor-open-lightbox=\"yes\" data-elementor-lightbox-slideshow=\"a84917f\">\n\t\t\t\t\t<div class=\"elementor-widget-cmsmasters-media-carousel__inner\"><img fetchpriority=\"high\" decoding=\"async\" width=\"1080\" height=\"1068\" src=\"https:\/\/batiortodonti.com\/wp-content\/uploads\/2024\/06\/Bati-Ortodonty-2-30x30.jpeg\" class=\"attachment-full size-full wp-image-10831 cmsmasters_img cmsmasters-lazyload lazyload\" alt=\"\" data-sizes=\"(max-width: 1080px) 100vw, 1080px\" data-src=\"https:\/\/batiortodonti.com\/wp-content\/uploads\/2024\/06\/Bati-Ortodonty-2.jpeg\" data-srcset=\"https:\/\/batiortodonti.com\/wp-content\/uploads\/2024\/06\/Bati-Ortodonty-2.jpeg 1080w, https:\/\/batiortodonti.com\/wp-content\/uploads\/2024\/06\/Bati-Ortodonty-2-300x297.jpeg 300w, https:\/\/batiortodonti.com\/wp-content\/uploads\/2024\/06\/Bati-Ortodonty-2-1024x1013.jpeg 1024w, https:\/\/batiortodonti.com\/wp-content\/uploads\/2024\/06\/Bati-Ortodonty-2-768x759.jpeg 768w, https:\/\/batiortodonti.com\/wp-content\/uploads\/2024\/06\/Bati-Ortodonty-2-303x300.jpeg 303w, https:\/\/batiortodonti.com\/wp-content\/uploads\/2024\/06\/Bati-Ortodonty-2-30x30.jpeg 30w, https:\/\/batiortodonti.com\/wp-content\/uploads\/2024\/06\/Bati-Ortodonty-2-10x10.jpeg 10w\" srcset=\"https:\/\/batiortodonti.com\/wp-content\/uploads\/2024\/06\/Bati-Ortodonty-2-30x30.jpeg 30w, https:\/\/batiortodonti.com\/wp-content\/uploads\/2024\/06\/Bati-Ortodonty-2-300x297.jpeg 300w, https:\/\/batiortodonti.com\/wp-content\/uploads\/2024\/06\/Bati-Ortodonty-2-1024x1013.jpeg 1024w, https:\/\/batiortodonti.com\/wp-content\/uploads\/2024\/06\/Bati-Ortodonty-2-768x759.jpeg 768w, https:\/\/batiortodonti.com\/wp-content\/uploads\/2024\/06\/Bati-Ortodonty-2-303x300.jpeg 303w, https:\/\/batiortodonti.com\/wp-content\/uploads\/2024\/06\/Bati-Ortodonty-2-10x10.jpeg 10w, https:\/\/batiortodonti.com\/wp-content\/uploads\/2024\/06\/Bati-Ortodonty-2.jpeg 1080w\" sizes=\"(max-width: 1080px) 100vw, 1080px\" \/><\/div>\n\t\t\t\t<\/a>\n\t\t\t<\/figure><\/div><div class=\"swiper-slide\"><figure class=\"elementor-widget-cmsmasters-media-carousel__wrapper elementor-repeater-item-f4a653d\">\n\t\t\t\t<a class=\"elementor-widget-cmsmasters-media-carousel__outer\" href=\"https:\/\/batiortodonti.com\/wp-content\/uploads\/2024\/06\/Bati-Ortodonty.jpeg\" data-elementor-open-lightbox=\"yes\" data-elementor-lightbox-slideshow=\"a84917f\">\n\t\t\t\t\t<div class=\"elementor-widget-cmsmasters-media-carousel__inner\"><img decoding=\"async\" width=\"2048\" height=\"1536\" src=\"https:\/\/batiortodonti.com\/wp-content\/uploads\/2024\/06\/Bati-Ortodonty-30x23.jpeg\" class=\"attachment-full size-full wp-image-10835 cmsmasters_img cmsmasters-lazyload lazyload\" alt=\"\" data-sizes=\"(max-width: 2048px) 100vw, 2048px\" data-src=\"https:\/\/batiortodonti.com\/wp-content\/uploads\/2024\/06\/Bati-Ortodonty.jpeg\" data-srcset=\"https:\/\/batiortodonti.com\/wp-content\/uploads\/2024\/06\/Bati-Ortodonty.jpeg 2048w, https:\/\/batiortodonti.com\/wp-content\/uploads\/2024\/06\/Bati-Ortodonty-300x225.jpeg 300w, https:\/\/batiortodonti.com\/wp-content\/uploads\/2024\/06\/Bati-Ortodonty-1024x768.jpeg 1024w, https:\/\/batiortodonti.com\/wp-content\/uploads\/2024\/06\/Bati-Ortodonty-768x576.jpeg 768w, https:\/\/batiortodonti.com\/wp-content\/uploads\/2024\/06\/Bati-Ortodonty-1536x1152.jpeg 1536w, https:\/\/batiortodonti.com\/wp-content\/uploads\/2024\/06\/Bati-Ortodonty-400x300.jpeg 400w, https:\/\/batiortodonti.com\/wp-content\/uploads\/2024\/06\/Bati-Ortodonty-30x23.jpeg 30w, https:\/\/batiortodonti.com\/wp-content\/uploads\/2024\/06\/Bati-Ortodonty-13x10.jpeg 13w\" srcset=\"https:\/\/batiortodonti.com\/wp-content\/uploads\/2024\/06\/Bati-Ortodonty-30x23.jpeg 30w, https:\/\/batiortodonti.com\/wp-content\/uploads\/2024\/06\/Bati-Ortodonty-300x225.jpeg 300w, https:\/\/batiortodonti.com\/wp-content\/uploads\/2024\/06\/Bati-Ortodonty-1024x768.jpeg 1024w, https:\/\/batiortodonti.com\/wp-content\/uploads\/2024\/06\/Bati-Ortodonty-768x576.jpeg 768w, https:\/\/batiortodonti.com\/wp-content\/uploads\/2024\/06\/Bati-Ortodonty-1536x1152.jpeg 1536w, https:\/\/batiortodonti.com\/wp-content\/uploads\/2024\/06\/Bati-Ortodonty-400x300.jpeg 400w, https:\/\/batiortodonti.com\/wp-content\/uploads\/2024\/06\/Bati-Ortodonty-13x10.jpeg 13w, https:\/\/batiortodonti.com\/wp-content\/uploads\/2024\/06\/Bati-Ortodonty.jpeg 2048w\" sizes=\"(max-width: 2048px) 100vw, 2048px\" \/><\/div>\n\t\t\t\t<\/a>\n\t\t\t<\/figure><\/div><div class=\"swiper-slide\"><figure class=\"elementor-widget-cmsmasters-media-carousel__wrapper elementor-repeater-item-3b24247\">\n\t\t\t\t<a class=\"elementor-widget-cmsmasters-media-carousel__outer\" href=\"https:\/\/batiortodonti.com\/wp-content\/uploads\/2024\/07\/video-placeholder.jpg\" data-elementor-open-lightbox=\"yes\" data-elementor-lightbox-slideshow=\"a84917f\">\n\t\t\t\t\t<div class=\"elementor-widget-cmsmasters-media-carousel__inner\"><img decoding=\"async\" width=\"900\" height=\"495\" src=\"https:\/\/batiortodonti.com\/wp-content\/uploads\/2024\/07\/video-placeholder-30x17.jpg\" class=\"attachment-full size-full wp-image-12020 cmsmasters_img cmsmasters-lazyload lazyload\" alt=\"\" data-sizes=\"(max-width: 900px) 100vw, 900px\" data-src=\"https:\/\/batiortodonti.com\/wp-content\/uploads\/2024\/07\/video-placeholder.jpg\" data-srcset=\"https:\/\/batiortodonti.com\/wp-content\/uploads\/2024\/07\/video-placeholder.jpg 900w, https:\/\/batiortodonti.com\/wp-content\/uploads\/2024\/07\/video-placeholder-300x165.jpg 300w, https:\/\/batiortodonti.com\/wp-content\/uploads\/2024\/07\/video-placeholder-768x422.jpg 768w, https:\/\/batiortodonti.com\/wp-content\/uploads\/2024\/07\/video-placeholder-545x300.jpg 545w, https:\/\/batiortodonti.com\/wp-content\/uploads\/2024\/07\/video-placeholder-30x16.jpg 30w, https:\/\/batiortodonti.com\/wp-content\/uploads\/2024\/07\/video-placeholder-18x10.jpg 18w\" srcset=\"https:\/\/batiortodonti.com\/wp-content\/uploads\/2024\/07\/video-placeholder-30x16.jpg 30w, https:\/\/batiortodonti.com\/wp-content\/uploads\/2024\/07\/video-placeholder-300x165.jpg 300w, https:\/\/batiortodonti.com\/wp-content\/uploads\/2024\/07\/video-placeholder-768x422.jpg 768w, https:\/\/batiortodonti.com\/wp-content\/uploads\/2024\/07\/video-placeholder-545x300.jpg 545w, https:\/\/batiortodonti.com\/wp-content\/uploads\/2024\/07\/video-placeholder-18x10.jpg 18w, https:\/\/batiortodonti.com\/wp-content\/uploads\/2024\/07\/video-placeholder.jpg 900w\" sizes=\"(max-width: 900px) 100vw, 900px\" \/><\/div>\n\t\t\t\t<\/a>\n\t\t\t<\/figure><\/div><div class=\"swiper-slide\"><figure class=\"elementor-widget-cmsmasters-media-carousel__wrapper elementor-repeater-item-9b5c949\">\n\t\t\t\t<a class=\"elementor-widget-cmsmasters-media-carousel__outer\" href=\"https:\/\/batiortodonti.com\/wp-content\/uploads\/2024\/03\/gulus-tasarimi-4.jpg\" data-elementor-open-lightbox=\"yes\" data-elementor-lightbox-slideshow=\"a84917f\">\n\t\t\t\t\t<div class=\"elementor-widget-cmsmasters-media-carousel__inner\"><img loading=\"lazy\" decoding=\"async\" width=\"1500\" height=\"1200\" src=\"https:\/\/batiortodonti.com\/wp-content\/uploads\/2024\/03\/gulus-tasarimi-4-30x24.jpg\" class=\"attachment-full size-full wp-image-10157 cmsmasters_img cmsmasters-lazyload lazyload\" alt=\"\" data-sizes=\"(max-width: 1500px) 100vw, 1500px\" data-src=\"https:\/\/batiortodonti.com\/wp-content\/uploads\/2024\/03\/gulus-tasarimi-4.jpg\" data-srcset=\"https:\/\/batiortodonti.com\/wp-content\/uploads\/2024\/03\/gulus-tasarimi-4.jpg 1500w, https:\/\/batiortodonti.com\/wp-content\/uploads\/2024\/03\/gulus-tasarimi-4-300x240.jpg 300w, https:\/\/batiortodonti.com\/wp-content\/uploads\/2024\/03\/gulus-tasarimi-4-1024x819.jpg 1024w, https:\/\/batiortodonti.com\/wp-content\/uploads\/2024\/03\/gulus-tasarimi-4-768x614.jpg 768w, https:\/\/batiortodonti.com\/wp-content\/uploads\/2024\/03\/gulus-tasarimi-4-375x300.jpg 375w, https:\/\/batiortodonti.com\/wp-content\/uploads\/2024\/03\/gulus-tasarimi-4-30x24.jpg 30w, https:\/\/batiortodonti.com\/wp-content\/uploads\/2024\/03\/gulus-tasarimi-4-13x10.jpg 13w\" srcset=\"https:\/\/batiortodonti.com\/wp-content\/uploads\/2024\/03\/gulus-tasarimi-4-30x24.jpg 30w, https:\/\/batiortodonti.com\/wp-content\/uploads\/2024\/03\/gulus-tasarimi-4-300x240.jpg 300w, https:\/\/batiortodonti.com\/wp-content\/uploads\/2024\/03\/gulus-tasarimi-4-1024x819.jpg 1024w, https:\/\/batiortodonti.com\/wp-content\/uploads\/2024\/03\/gulus-tasarimi-4-768x614.jpg 768w, https:\/\/batiortodonti.com\/wp-content\/uploads\/2024\/03\/gulus-tasarimi-4-375x300.jpg 375w, https:\/\/batiortodonti.com\/wp-content\/uploads\/2024\/03\/gulus-tasarimi-4-13x10.jpg 13w, https:\/\/batiortodonti.com\/wp-content\/uploads\/2024\/03\/gulus-tasarimi-4.jpg 1500w\" sizes=\"(max-width: 1500px) 100vw, 1500px\" \/><\/div>\n\t\t\t\t<\/a>\n\t\t\t<\/figure><\/div><\/div><\/div><div class=\"swiper-buttons-wrap\"><div class=\"swiper-buttons-wrap-inner\"><div class=\"swiper-button swiper-button-prev\"><div class=\"swiper-button-inner\"><span class=\"cmsmasters-wrap-icon\"><svg class=\"e-font-icon-svg e-fas-chevron-left\" viewBox=\"0 0 320 512\" xmlns=\"http:\/\/www.w3.org\/2000\/svg\"><path d=\"M34.52 239.03L228.87 44.69c9.37-9.37 24.57-9.37 33.94 0l22.67 22.67c9.36 9.36 9.37 24.52.04 33.9L131.49 256l154.02 154.75c9.34 9.38 9.32 24.54-.04 33.9l-22.67 22.67c-9.37 9.37-24.57 9.37-33.94 0L34.52 272.97c-9.37-9.37-9.37-24.57 0-33.94z\"><\/path><\/svg><\/span><\/div><\/div><div class=\"swiper-button swiper-button-next\"><div class=\"swiper-button-inner\"><span class=\"cmsmasters-wrap-icon\"><svg class=\"e-font-icon-svg e-fas-chevron-right\" viewBox=\"0 0 320 512\" xmlns=\"http:\/\/www.w3.org\/2000\/svg\"><path d=\"M285.476 272.971L91.132 467.314c-9.373 9.373-24.569 9.373-33.941 0l-22.667-22.667c-9.357-9.357-9.375-24.522-.04-33.901L188.505 256 34.484 101.255c-9.335-9.379-9.317-24.544.04-33.901l22.667-22.667c9.373-9.373 24.569-9.373 33.941 0L285.475 239.03c9.373 9.372 9.373 24.568.001 33.941z\"><\/path><\/svg><\/span><\/div><\/div><\/div><\/div><\/div>\t\t\t\t<\/div>\n\t\t\t\t<\/div>\n\t\t\t\t\t<\/div>\n\t\t<\/div>\n\t\t\t\t\t<\/div>\n\t\t<\/section>\n\t\t\t\t<div class=\"elementor-element elementor-element-f278c36 elementor-widget__width-initial elementor-absolute cmsmasters-effect cmsmasters-effect-type-floating cmsmasters-block-default cmsmasters-sticky-default elementor-widget elementor-widget-image\" data-id=\"f278c36\" data-element_type=\"widget\" data-settings=\"{&quot;_position&quot;:&quot;absolute&quot;,&quot;cms_floating_translate_toggle&quot;:&quot;yes&quot;,&quot;cms_floating_translate_x&quot;:{&quot;unit&quot;:&quot;px&quot;,&quot;size&quot;:&quot;&quot;,&quot;sizes&quot;:{&quot;from&quot;:-30,&quot;to&quot;:50}},&quot;cms_floating_translate_y&quot;:{&quot;unit&quot;:&quot;px&quot;,&quot;size&quot;:&quot;&quot;,&quot;sizes&quot;:{&quot;from&quot;:-40,&quot;to&quot;:65}},&quot;cms_floating_duration&quot;:{&quot;unit&quot;:&quot;px&quot;,&quot;size&quot;:2,&quot;sizes&quot;:[]},&quot;cms_floating_translate_delay&quot;:{&quot;unit&quot;:&quot;px&quot;,&quot;size&quot;:&quot;&quot;,&quot;sizes&quot;:[]}}\" data-widget_type=\"image.default\">\n\t\t\t\t<div class=\"elementor-widget-container\">\n\t\t\t\t\t\t\t\t\t\t\t\t\t\t\t<img loading=\"lazy\" decoding=\"async\" width=\"372\" height=\"349\" src=\"https:\/\/batiortodonti.com\/wp-content\/uploads\/2024\/03\/Blur2-30x28.png\" class=\"attachment-full size-full wp-image-8823 cmsmasters_img cmsmasters-lazyload lazyload\" alt=\"\" data-sizes=\"(max-width: 372px) 100vw, 372px\" data-src=\"https:\/\/batiortodonti.com\/wp-content\/uploads\/2024\/03\/Blur2.png\" data-srcset=\"https:\/\/batiortodonti.com\/wp-content\/uploads\/2024\/03\/Blur2.png 372w, https:\/\/batiortodonti.com\/wp-content\/uploads\/2024\/03\/Blur2-300x281.png 300w, https:\/\/batiortodonti.com\/wp-content\/uploads\/2024\/03\/Blur2-320x300.png 320w, https:\/\/batiortodonti.com\/wp-content\/uploads\/2024\/03\/Blur2-30x28.png 30w, https:\/\/batiortodonti.com\/wp-content\/uploads\/2024\/03\/Blur2-11x10.png 11w\" srcset=\"https:\/\/batiortodonti.com\/wp-content\/uploads\/2024\/03\/Blur2-30x28.png 30w, https:\/\/batiortodonti.com\/wp-content\/uploads\/2024\/03\/Blur2-300x281.png 300w, https:\/\/batiortodonti.com\/wp-content\/uploads\/2024\/03\/Blur2-320x300.png 320w, https:\/\/batiortodonti.com\/wp-content\/uploads\/2024\/03\/Blur2-11x10.png 11w, https:\/\/batiortodonti.com\/wp-content\/uploads\/2024\/03\/Blur2.png 372w\" sizes=\"(max-width: 372px) 100vw, 372px\" \/>\t\t\t\t\t\t\t\t\t\t\t\t\t\t\t<\/div>\n\t\t\t\t<\/div>\n\t\t\t\t<div class=\"elementor-element elementor-element-95e1395 elementor-widget__width-initial elementor-absolute cmsmasters-effect cmsmasters-effect-type-floating cmsmasters-block-default cmsmasters-sticky-default elementor-widget elementor-widget-image\" data-id=\"95e1395\" data-element_type=\"widget\" data-settings=\"{&quot;_position&quot;:&quot;absolute&quot;,&quot;cms_floating_translate_toggle&quot;:&quot;yes&quot;,&quot;cms_floating_translate_x&quot;:{&quot;unit&quot;:&quot;px&quot;,&quot;size&quot;:&quot;&quot;,&quot;sizes&quot;:{&quot;from&quot;:0,&quot;to&quot;:120}},&quot;cms_floating_translate_y&quot;:{&quot;unit&quot;:&quot;px&quot;,&quot;size&quot;:&quot;&quot;,&quot;sizes&quot;:{&quot;from&quot;:0,&quot;to&quot;:90}},&quot;cms_floating_duration&quot;:{&quot;unit&quot;:&quot;px&quot;,&quot;size&quot;:3,&quot;sizes&quot;:[]},&quot;cms_floating_translate_delay&quot;:{&quot;unit&quot;:&quot;px&quot;,&quot;size&quot;:&quot;&quot;,&quot;sizes&quot;:[]}}\" data-widget_type=\"image.default\">\n\t\t\t\t<div class=\"elementor-widget-container\">\n\t\t\t\t\t\t\t\t\t\t\t\t\t\t\t<img loading=\"lazy\" decoding=\"async\" width=\"372\" height=\"349\" src=\"https:\/\/batiortodonti.com\/wp-content\/uploads\/2024\/03\/Blur2-30x28.png\" class=\"attachment-full size-full wp-image-8823 cmsmasters_img cmsmasters-lazyload lazyload\" alt=\"\" data-sizes=\"(max-width: 372px) 100vw, 372px\" data-src=\"https:\/\/batiortodonti.com\/wp-content\/uploads\/2024\/03\/Blur2.png\" data-srcset=\"https:\/\/batiortodonti.com\/wp-content\/uploads\/2024\/03\/Blur2.png 372w, https:\/\/batiortodonti.com\/wp-content\/uploads\/2024\/03\/Blur2-300x281.png 300w, https:\/\/batiortodonti.com\/wp-content\/uploads\/2024\/03\/Blur2-320x300.png 320w, https:\/\/batiortodonti.com\/wp-content\/uploads\/2024\/03\/Blur2-30x28.png 30w, https:\/\/batiortodonti.com\/wp-content\/uploads\/2024\/03\/Blur2-11x10.png 11w\" srcset=\"https:\/\/batiortodonti.com\/wp-content\/uploads\/2024\/03\/Blur2-30x28.png 30w, https:\/\/batiortodonti.com\/wp-content\/uploads\/2024\/03\/Blur2-300x281.png 300w, https:\/\/batiortodonti.com\/wp-content\/uploads\/2024\/03\/Blur2-320x300.png 320w, https:\/\/batiortodonti.com\/wp-content\/uploads\/2024\/03\/Blur2-11x10.png 11w, https:\/\/batiortodonti.com\/wp-content\/uploads\/2024\/03\/Blur2.png 372w\" sizes=\"(max-width: 372px) 100vw, 372px\" \/>\t\t\t\t\t\t\t\t\t\t\t\t\t\t\t<\/div>\n\t\t\t\t<\/div>\n\t\t\t\t\t<\/div>\n\t\t<\/div>\n\t\t\t\t\t<\/div>\n\t\t<\/section>\n\t\t\t\t<section class=\"elementor-section elementor-top-section elementor-element elementor-element-7e93cc3 elementor-section-boxed elementor-section-height-default elementor-section-height-default cmsmasters-block-default\" data-id=\"7e93cc3\" data-element_type=\"section\">\n\t\t\t\t\t\t<div class=\"elementor-container elementor-column-gap-default\">\n\t\t\t\t\t<div class=\"elementor-column elementor-col-100 elementor-top-column elementor-element elementor-element-bae0420\" data-id=\"bae0420\" data-element_type=\"column\">\n\t\t\t<div class=\"elementor-widget-wrap elementor-element-populated\">\n\t\t\t\t\t\t<section class=\"elementor-section elementor-inner-section elementor-element elementor-element-ef00319 elementor-section-boxed elementor-section-height-default elementor-section-height-default cmsmasters-block-default\" data-id=\"ef00319\" data-element_type=\"section\">\n\t\t\t\t\t\t<div class=\"elementor-container elementor-column-gap-no\">\n\t\t\t\t\t<div class=\"elementor-column elementor-col-100 elementor-inner-column elementor-element elementor-element-9b42974\" data-id=\"9b42974\" data-element_type=\"column\">\n\t\t\t<div class=\"elementor-widget-wrap elementor-element-populated\">\n\t\t\t\t\t\t<div class=\"elementor-element elementor-element-1fb28ed cmsmasters-block-default cmsmasters-sticky-default elementor-invisible elementor-widget elementor-widget-text-editor\" data-id=\"1fb28ed\" data-element_type=\"widget\" data-settings=\"{&quot;_animation&quot;:&quot;fadeInDown&quot;}\" data-widget_type=\"text-editor.default\">\n\t\t\t\t<div class=\"elementor-widget-container\">\n\t\t\t\t\t\t\t\t\t<h1>About Us<\/h1><h2 class=\"head\">Bat\u0131 Ortodonti Clinics<\/h2><p>Founded in 2012 with the guidance of scientific data, Bat\u0131 Ortodonti Estetik, with its staff who have completed their education in modern dentistry faculties in Turkey, provides the necessary services to the patients from since this date.<\/p><p>We have been serving our patients for six years in the Beylikd\u00fcz\u00fc district of \u0130stanbul and for two years in two different locations in the Be\u015fikta\u015f district, from 10.00 to 22.00 during weekdays and 10.00 to 19.00 on Saturday. You can also call the number 0212 871 37 00 to get an appointment from our doctors immediately, can benefit from the services of Bat\u0131 Ortodonti Estetik.<\/p><p>We are proud to serve you esteemed patients in Bat\u0131 Ortodonti Aesthetic where we have set technological advances brought by the 21. century as working principles and scientific data as goals to reach.<\/p>\t\t\t\t\t\t\t\t<\/div>\n\t\t\t\t<\/div>\n\t\t\t\t\t<\/div>\n\t\t<\/div>\n\t\t\t\t\t<\/div>\n\t\t<\/section>\n\t\t\t\t\t<\/div>\n\t\t<\/div>\n\t\t\t\t\t<\/div>\n\t\t<\/section>\n\t\t\t\t<\/div>\n\t\t","protected":false},"excerpt":{"rendered":"<p>About Us Our Doctor Staff: Consists of Specialist Dentists and Dentists. Founded in 2012 with the guidance of scientific data, Bat\u0131 Ortodonti Estetik, with its staff who have completed their education in modern dentistry faculties in Turkey, provides the necessary services to the patients from since this date. About Us Bat\u0131 Ortodonti Clinics Founded in&#8230;<\/p>\n","protected":false},"author":1,"featured_media":0,"parent":0,"menu_order":0,"comment_status":"closed","ping_status":"closed","template":"","meta":{"_acf_changed":false,"inline_featured_image":false,"footnotes":""},"class_list":["post-10221","page","type-page","status-publish","hentry"],"acf":[],"_links":{"self":[{"href":"https:\/\/batiortodonti.com\/en\/wp-json\/wp\/v2\/pages\/10221","targetHints":{"allow":["GET"]}}],"collection":[{"href":"https:\/\/batiortodonti.com\/en\/wp-json\/wp\/v2\/pages"}],"about":[{"href":"https:\/\/batiortodonti.com\/en\/wp-json\/wp\/v2\/types\/page"}],"author":[{"embeddable":true,"href":"https:\/\/batiortodonti.com\/en\/wp-json\/wp\/v2\/users\/1"}],"replies":[{"embeddable":true,"href":"https:\/\/batiortodonti.com\/en\/wp-json\/wp\/v2\/comments?post=10221"}],"version-history":[{"count":25,"href":"https:\/\/batiortodonti.com\/en\/wp-json\/wp\/v2\/pages\/10221\/revisions"}],"predecessor-version":[{"id":12081,"href":"https:\/\/batiortodonti.com\/en\/wp-json\/wp\/v2\/pages\/10221\/revisions\/12081"}],"wp:attachment":[{"href":"https:\/\/batiortodonti.com\/en\/wp-json\/wp\/v2\/media?parent=10221"}],"curies":[{"name":"wp","href":"https:\/\/api.w.org\/{rel}","templated":true}]}}